{"id":7661,"date":"2024-11-20T13:53:31","date_gmt":"2024-11-20T12:53:31","guid":{"rendered":"https:\/\/www.gestemconsulting.es\/?page_id=7661"},"modified":"2025-01-09T16:59:47","modified_gmt":"2025-01-09T15:59:47","slug":"noticias-gestem","status":"publish","type":"page","link":"https:\/\/www.gestemconsulting.es\/index.php\/noticias-gestem\/","title":{"rendered":"Noticias"},"content":{"rendered":"\t\t<div data-elementor-type=\"wp-page\" data-elementor-id=\"7661\" class=\"elementor elementor-7661\" data-elementor-post-type=\"page\">\n\t\t\t\t<div class=\"elementor-element elementor-element-4da9120 e-flex e-con-boxed e-con e-parent\" data-id=\"4da9120\" data-element_type=\"container\">\n\t\t\t\t\t<div class=\"e-con-inner\">\n\t\t<div class=\"elementor-element elementor-element-51d80c9 e-con-full e-flex e-con e-child\" data-id=\"51d80c9\" data-element_type=\"container\">\n\t\t\t\t<div class=\"elementor-element elementor-element-6ff4c36 elementor-widget elementor-widget-elementskit-heading\" data-id=\"6ff4c36\" data-element_type=\"widget\" data-widget_type=\"elementskit-heading.default\">\n\t\t\t\t<div class=\"elementor-widget-container\">\n\t\t\t<div class=\"ekit-wid-con\" ><div class=\"ekit-heading elementskit-section-title-wraper text_center   ekit_heading_tablet-   ekit_heading_mobile-\"><h3 class=\"elementskit-section-subtitle  \">\n\t\t\t\t\t\tNovedades que impulsan tu negocio\n\t\t\t\t\t<\/h3><h2 class=\"ekit-heading--title elementskit-section-title \">Noticias<\/h2><\/div><\/div>\t\t<\/div>\n\t\t\t\t<\/div>\n\t\t\t\t<\/div>\n\t\t\t\t\t<\/div>\n\t\t\t\t<\/div>\n\t\t<div class=\"elementor-element elementor-element-b2a62e0 e-flex e-con-boxed e-con e-parent\" data-id=\"b2a62e0\" data-element_type=\"container\">\n\t\t\t\t\t<div class=\"e-con-inner\">\n\t\t<div class=\"elementor-element elementor-element-4e33d39 e-con-full e-flex e-con e-child\" data-id=\"4e33d39\" data-element_type=\"container\">\n\t\t\t\t<div class=\"elementor-element elementor-element-10a63f4 elementor-widget elementor-widget-elementskit-blog-posts\" data-id=\"10a63f4\" data-element_type=\"widget\" data-widget_type=\"elementskit-blog-posts.default\">\n\t\t\t\t<div class=\"elementor-widget-container\">\n\t\t\t<div class=\"ekit-wid-con\" >        <div id=\"post-items--10a63f4\" class=\"row post-items\" data-masonry-config=\"true\">\n                    <div class=\"col-lg-6 col-md-6\">\n\n                                    <div class=\"elementskit-post-image-card\">\n                        <div class=\"elementskit-entry-header\">\n                            \n                            \n\t\t\t\t\t\t\t\t\t\t\t\t\t<\/div><!-- .elementskit-entry-header END -->\n\n\t\t\t\t\t\t<div class=\"elementskit-post-body \">\n\t\t\t\t\t\t\t\n\t\t\t\t\t\t\t\t\t\t\t\t\t\t\t\t\t\t\t\t\t\t\t\t\t\t\t\t\t\t\n\t\t\t\t\t\t\t\t\n\t\t\t\t\t\t\t\t\t\t\t\t\t\t\t\t\t\t\t\t\t<h2 class=\"entry-title\">\n\t\t\t\t\t<a href=\"https:\/\/www.gestemconsulting.es\/index.php\/el-descanso-semanal-entre-semana-no-puede-absorber-los-festivos-laborales\/\">\n\t\t\t\t\t\tEl descanso semanal entre semana no puede absorber los festivos laborales\t\t\t\t\t<\/a>\n\t\t\t\t<\/h2>\n\t\t\t\t\t\t\t\t\t\t\t\t\t\t\t\t\t\t\t\t\t\t\t\t\t\t\t\t\t\t\t\t                                                            <div class=\"btn-wraper\">\n                                    \n                                                                            <a class=\"elementskit-btn whitespace--normal\" id=\"\" href=\"https:\/\/www.gestemconsulting.es\/index.php\/el-descanso-semanal-entre-semana-no-puede-absorber-los-festivos-laborales\/\">\n                                        \t                                            Saber m\u00e1s                                         <\/a>\n                                                                    <\/div>\n                                                    <\/div><!-- .elementskit-post-body END -->\n                    <\/div>\n                \n            <\/div>\n                    <div class=\"col-lg-6 col-md-6\">\n\n                                    <div class=\"elementskit-post-image-card\">\n                        <div class=\"elementskit-entry-header\">\n                                                            <a href=\"https:\/\/www.gestemconsulting.es\/index.php\/puede-la-empresa-permitir-teletrabajo-en-verano-solo-a-algunos-trabajadores\/\" class=\"elementskit-entry-thumb\">\n                                    <img decoding=\"async\" src=\"https:\/\/www.gestemconsulting.es\/wp-content\/uploads\/2026\/04\/pexels-photo-12932587-1776240476_1776249995cp-768x427.webp\" alt=\"\u00bfPuede la empresa permitir teletrabajo en verano solo a algunos trabajadores?\">\n                                <\/a><!-- .elementskit-entry-thumb END -->\n                                                            \n                            \n\t\t\t\t\t\t\t\t\t\t\t\t\t<\/div><!-- .elementskit-entry-header END -->\n\n\t\t\t\t\t\t<div class=\"elementskit-post-body \">\n\t\t\t\t\t\t\t\n\t\t\t\t\t\t\t\t\t\t\t\t\t\t\t\t\t\t\t\t\t\t\t\t\t\t\t\t\t\t\n\t\t\t\t\t\t\t\t\n\t\t\t\t\t\t\t\t\t\t\t\t\t\t\t\t\t\t\t\t\t<h2 class=\"entry-title\">\n\t\t\t\t\t<a href=\"https:\/\/www.gestemconsulting.es\/index.php\/puede-la-empresa-permitir-teletrabajo-en-verano-solo-a-algunos-trabajadores\/\">\n\t\t\t\t\t\t\u00bfPuede la empresa permitir teletrabajo en verano solo a algunos trabajadores?\t\t\t\t\t<\/a>\n\t\t\t\t<\/h2>\n\t\t\t\t\t\t\t\t\t\t\t\t\t\t\t\t\t\t\t\t\t\t\t\t\t\t\t\t\t\t\t\t                                                            <div class=\"btn-wraper\">\n                                    \n                                                                            <a class=\"elementskit-btn whitespace--normal\" id=\"\" href=\"https:\/\/www.gestemconsulting.es\/index.php\/puede-la-empresa-permitir-teletrabajo-en-verano-solo-a-algunos-trabajadores\/\">\n                                        \t                                            Saber m\u00e1s                                         <\/a>\n                                                                    <\/div>\n                                                    <\/div><!-- .elementskit-post-body END -->\n                    <\/div>\n                \n            <\/div>\n                    <div class=\"col-lg-6 col-md-6\">\n\n                                    <div class=\"elementskit-post-image-card\">\n                        <div class=\"elementskit-entry-header\">\n                                                            <a href=\"https:\/\/www.gestemconsulting.es\/index.php\/cuando-cumplir-65-anos-no-siempre-basta-para-jubilarse\/\" class=\"elementskit-entry-thumb\">\n                                    <img decoding=\"async\" src=\"https:\/\/www.gestemconsulting.es\/wp-content\/uploads\/2026\/01\/pexels-photo-5698383-1767863428_1767875844cp-768x427.webp\" alt=\"Cuando cumplir 65 a\u00f1os no siempre basta para jubilarse\">\n                                <\/a><!-- .elementskit-entry-thumb END -->\n                                                            \n                            \n\t\t\t\t\t\t\t\t\t\t\t\t\t<\/div><!-- .elementskit-entry-header END -->\n\n\t\t\t\t\t\t<div class=\"elementskit-post-body \">\n\t\t\t\t\t\t\t\n\t\t\t\t\t\t\t\t\t\t\t\t\t\t\t\t\t\t\t\t\t\t\t\t\t\t\t\t\t\t\n\t\t\t\t\t\t\t\t\n\t\t\t\t\t\t\t\t\t\t\t\t\t\t\t\t\t\t\t\t\t<h2 class=\"entry-title\">\n\t\t\t\t\t<a href=\"https:\/\/www.gestemconsulting.es\/index.php\/cuando-cumplir-65-anos-no-siempre-basta-para-jubilarse\/\">\n\t\t\t\t\t\tCuando cumplir 65 a\u00f1os no siempre basta para jubilarse\t\t\t\t\t<\/a>\n\t\t\t\t<\/h2>\n\t\t\t\t\t\t\t\t\t\t\t\t\t\t\t\t\t\t\t\t\t\t\t\t\t\t\t\t\t\t\t\t                                                            <div class=\"btn-wraper\">\n                                    \n                                                                            <a class=\"elementskit-btn whitespace--normal\" id=\"\" href=\"https:\/\/www.gestemconsulting.es\/index.php\/cuando-cumplir-65-anos-no-siempre-basta-para-jubilarse\/\">\n                                        \t                                            Saber m\u00e1s                                         <\/a>\n                                                                    <\/div>\n                                                    <\/div><!-- .elementskit-post-body END -->\n                    <\/div>\n                \n            <\/div>\n                <\/div>\n       <\/div>\t\t<\/div>\n\t\t\t\t<\/div>\n\t\t\t\t<\/div>\n\t\t<div class=\"elementor-element elementor-element-1a9f89c e-con-full e-flex e-con e-child\" data-id=\"1a9f89c\" data-element_type=\"container\">\n\t\t\t\t<div class=\"elementor-element elementor-element-8af36c7 elementor-widget elementor-widget-search\" data-id=\"8af36c7\" data-element_type=\"widget\" data-settings=\"{&quot;submit_trigger&quot;:&quot;click_submit&quot;,&quot;pagination_type_options&quot;:&quot;none&quot;}\" data-widget_type=\"search.default\">\n\t\t\t\t<div class=\"elementor-widget-container\">\n\t\t\t\t\t<search class=\"e-search hidden\" role=\"search\">\n\t\t\t<form class=\"e-search-form\" action=\"https:\/\/www.gestemconsulting.es\" method=\"get\">\n\n\t\t\t\t\n\t\t\t\t<label class=\"e-search-label\" for=\"search-8af36c7\">\n\t\t\t\t\t<span class=\"elementor-screen-only\">\n\t\t\t\t\t\tBuscar\t\t\t\t\t<\/span>\n\t\t\t\t\t\t\t\t\t<\/label>\n\n\t\t\t\t<div class=\"e-search-input-wrapper\">\n\t\t\t\t\t<input id=\"search-8af36c7\" placeholder=\"Buscar\u2026\" class=\"e-search-input\" type=\"search\" name=\"s\" value=\"\" autocomplete=\"on\" role=\"combobox\" aria-autocomplete=\"list\" aria-expanded=\"false\" aria-controls=\"results-8af36c7\" aria-haspopup=\"listbox\">\n\t\t\t\t\t<svg aria-hidden=\"true\" class=\"e-font-icon-svg e-fas-times\" viewBox=\"0 0 352 512\" xmlns=\"http:\/\/www.w3.org\/2000\/svg\"><path d=\"M242.72 256l100.07-100.07c12.28-12.28 12.28-32.19 0-44.48l-22.24-22.24c-12.28-12.28-32.19-12.28-44.48 0L176 189.28 75.93 89.21c-12.28-12.28-32.19-12.28-44.48 0L9.21 111.45c-12.28 12.28-12.28 32.19 0 44.48L109.28 256 9.21 356.07c-12.28 12.28-12.28 32.19 0 44.48l22.24 22.24c12.28 12.28 32.2 12.28 44.48 0L176 322.72l100.07 100.07c12.28 12.28 32.2 12.28 44.48 0l22.24-22.24c12.28-12.28 12.28-32.19 0-44.48L242.72 256z\"><\/path><\/svg>\t\t\t\t\t\t\t\t\t\t<output id=\"results-8af36c7\" class=\"e-search-results-container hide-loader\" aria-live=\"polite\" aria-atomic=\"true\" aria-label=\"Results for search\" tabindex=\"0\">\n\t\t\t\t\t\t<div class=\"e-search-results\"><\/div>\n\t\t\t\t\t\t\t\t\t\t\t<\/output>\n\t\t\t\t\t\t\t\t\t<\/div>\n\t\t\t\t\n\t\t\t\t\n\t\t\t\t<button class=\"e-search-submit  \" type=\"submit\">\n\t\t\t\t\t\n\t\t\t\t\t<span class=\"\">\n\t\t\t\t\t\tBuscar\t\t\t\t\t<\/span>\n\t\t\t\t<\/button>\n\t\t\t\t<input type=\"hidden\" name=\"e_search_props\" value=\"8af36c7-7661\">\n\t\t\t<\/form>\n\t\t<\/search>\n\t\t\t\t<\/div>\n\t\t\t\t<\/div>\n\t\t\t\t<\/div>\n\t\t\t\t\t<\/div>\n\t\t\t\t<\/div>\n\t\t\t\t<\/div>\n\t\t","protected":false},"excerpt":{"rendered":"<p>Novedades que impulsan tu negocio Noticias Nueva protecci\u00f3n laboral frente a emergencias: el permiso retribuido de 4 d\u00edas Saber m\u00e1s Invertir sin crear una sociedad: las claves del contrato de cuentas en participaci\u00f3n Saber m\u00e1s El Tribunal Supremo fija que las empresas no pueden despedir disciplinariamente a los trabajadores sin abrir tr\u00e1mite de \u201caudiencia previa\u201d [&hellip;]<\/p>\n","protected":false},"author":1,"featured_media":0,"parent":0,"menu_order":0,"comment_status":"closed","ping_status":"closed","template":"elementor_header_footer","meta":{"footnotes":""},"class_list":["post-7661","page","type-page","status-publish","hentry"],"yoast_head":"<!-- This site is optimized with the Yoast SEO plugin v27.2 - https:\/\/yoast.com\/product\/yoast-seo-wordpress\/ -->\n<title>Noticias - Gestem Consulting<\/title>\n<meta name=\"robots\" content=\"index, follow, max-snippet:-1, max-image-preview:large, max-video-preview:-1\" \/>\n<link rel=\"canonical\" href=\"https:\/\/www.gestemconsulting.es\/index.php\/noticias-gestem\/\" \/>\n<meta property=\"og:locale\" content=\"es_ES\" \/>\n<meta property=\"og:type\" content=\"article\" \/>\n<meta property=\"og:title\" content=\"Noticias - Gestem Consulting\" \/>\n<meta property=\"og:description\" content=\"Novedades que impulsan tu negocio Noticias Nueva protecci\u00f3n laboral frente a emergencias: el permiso retribuido de 4 d\u00edas Saber m\u00e1s Invertir sin crear una sociedad: las claves del contrato de cuentas en participaci\u00f3n Saber m\u00e1s El Tribunal Supremo fija que las empresas no pueden despedir disciplinariamente a los trabajadores sin abrir tr\u00e1mite de \u201caudiencia previa\u201d [&hellip;]\" \/>\n<meta property=\"og:url\" content=\"https:\/\/www.gestemconsulting.es\/index.php\/noticias-gestem\/\" \/>\n<meta property=\"og:site_name\" content=\"Gestem Consulting\" \/>\n<meta property=\"article:publisher\" content=\"https:\/\/www.facebook.com\/profile.php?id=100063602347291&amp;mibextid=LQQJ4d&amp;rdid=pPArXq45AKTQvTYC\" \/>\n<meta property=\"article:modified_time\" content=\"2025-01-09T15:59:47+00:00\" \/>\n<meta property=\"og:image\" content=\"http:\/\/www.gestemconsulting.es\/wp-content\/uploads\/2025\/01\/pexels-photo-5313131-1733301775_1733310173cp-768x427.webp\" \/>\n<meta name=\"twitter:card\" content=\"summary_large_image\" \/>\n<meta name=\"twitter:label1\" content=\"Tiempo de lectura\" \/>\n\t<meta name=\"twitter:data1\" content=\"1 minuto\" \/>\n<script type=\"application\/ld+json\" class=\"yoast-schema-graph\">{\"@context\":\"https:\/\/schema.org\",\"@graph\":[{\"@type\":\"WebPage\",\"@id\":\"https:\/\/www.gestemconsulting.es\/index.php\/noticias-gestem\/\",\"url\":\"https:\/\/www.gestemconsulting.es\/index.php\/noticias-gestem\/\",\"name\":\"Noticias - Gestem Consulting\",\"isPartOf\":{\"@id\":\"https:\/\/www.gestemconsulting.es\/#website\"},\"primaryImageOfPage\":{\"@id\":\"https:\/\/www.gestemconsulting.es\/index.php\/noticias-gestem\/#primaryimage\"},\"image\":{\"@id\":\"https:\/\/www.gestemconsulting.es\/index.php\/noticias-gestem\/#primaryimage\"},\"thumbnailUrl\":\"http:\/\/www.gestemconsulting.es\/wp-content\/uploads\/2025\/01\/pexels-photo-5313131-1733301775_1733310173cp-768x427.webp\",\"datePublished\":\"2024-11-20T12:53:31+00:00\",\"dateModified\":\"2025-01-09T15:59:47+00:00\",\"breadcrumb\":{\"@id\":\"https:\/\/www.gestemconsulting.es\/index.php\/noticias-gestem\/#breadcrumb\"},\"inLanguage\":\"es\",\"potentialAction\":[{\"@type\":\"ReadAction\",\"target\":[\"https:\/\/www.gestemconsulting.es\/index.php\/noticias-gestem\/\"]}]},{\"@type\":\"ImageObject\",\"inLanguage\":\"es\",\"@id\":\"https:\/\/www.gestemconsulting.es\/index.php\/noticias-gestem\/#primaryimage\",\"url\":\"http:\/\/www.gestemconsulting.es\/wp-content\/uploads\/2025\/01\/pexels-photo-5313131-1733301775_1733310173cp-768x427.webp\",\"contentUrl\":\"http:\/\/www.gestemconsulting.es\/wp-content\/uploads\/2025\/01\/pexels-photo-5313131-1733301775_1733310173cp-768x427.webp\"},{\"@type\":\"BreadcrumbList\",\"@id\":\"https:\/\/www.gestemconsulting.es\/index.php\/noticias-gestem\/#breadcrumb\",\"itemListElement\":[{\"@type\":\"ListItem\",\"position\":1,\"name\":\"Portada\",\"item\":\"https:\/\/www.gestemconsulting.es\/\"},{\"@type\":\"ListItem\",\"position\":2,\"name\":\"Noticias\"}]},{\"@type\":\"WebSite\",\"@id\":\"https:\/\/www.gestemconsulting.es\/#website\",\"url\":\"https:\/\/www.gestemconsulting.es\/\",\"name\":\"Gestem Consulting\",\"description\":\"Asesor\u00eda fiscal, jur\u00eddico y laboral. Impulsamos tu empresa con tecnolog\u00eda, experiencia y cercan\u00eda.\",\"publisher\":{\"@id\":\"https:\/\/www.gestemconsulting.es\/#organization\"},\"alternateName\":\"Gestem Consulting\",\"potentialAction\":[{\"@type\":\"SearchAction\",\"target\":{\"@type\":\"EntryPoint\",\"urlTemplate\":\"https:\/\/www.gestemconsulting.es\/?s={search_term_string}\"},\"query-input\":{\"@type\":\"PropertyValueSpecification\",\"valueRequired\":true,\"valueName\":\"search_term_string\"}}],\"inLanguage\":\"es\"},{\"@type\":\"Organization\",\"@id\":\"https:\/\/www.gestemconsulting.es\/#organization\",\"name\":\"Gestem Consulting\",\"url\":\"https:\/\/www.gestemconsulting.es\/\",\"logo\":{\"@type\":\"ImageObject\",\"inLanguage\":\"es\",\"@id\":\"https:\/\/www.gestemconsulting.es\/#\/schema\/logo\/image\/\",\"url\":\"https:\/\/www.gestemconsulting.es\/wp-content\/uploads\/2024\/11\/icon.png\",\"contentUrl\":\"https:\/\/www.gestemconsulting.es\/wp-content\/uploads\/2024\/11\/icon.png\",\"width\":497,\"height\":502,\"caption\":\"Gestem Consulting\"},\"image\":{\"@id\":\"https:\/\/www.gestemconsulting.es\/#\/schema\/logo\/image\/\"},\"sameAs\":[\"https:\/\/www.facebook.com\/profile.php?id=100063602347291&mibextid=LQQJ4d&rdid=pPArXq45AKTQvTYC\",\"https:\/\/www.instagram.com\/gestemconsulting\",\"https:\/\/www.linkedin.com\/company\/gestem-consulting\/\"]}]}<\/script>\n<!-- \/ Yoast SEO plugin. -->","yoast_head_json":{"title":"Noticias - Gestem Consulting","robots":{"index":"index","follow":"follow","max-snippet":"max-snippet:-1","max-image-preview":"max-image-preview:large","max-video-preview":"max-video-preview:-1"},"canonical":"https:\/\/www.gestemconsulting.es\/index.php\/noticias-gestem\/","og_locale":"es_ES","og_type":"article","og_title":"Noticias - Gestem Consulting","og_description":"Novedades que impulsan tu negocio Noticias Nueva protecci\u00f3n laboral frente a emergencias: el permiso retribuido de 4 d\u00edas Saber m\u00e1s Invertir sin crear una sociedad: las claves del contrato de cuentas en participaci\u00f3n Saber m\u00e1s El Tribunal Supremo fija que las empresas no pueden despedir disciplinariamente a los trabajadores sin abrir tr\u00e1mite de \u201caudiencia previa\u201d [&hellip;]","og_url":"https:\/\/www.gestemconsulting.es\/index.php\/noticias-gestem\/","og_site_name":"Gestem Consulting","article_publisher":"https:\/\/www.facebook.com\/profile.php?id=100063602347291&mibextid=LQQJ4d&rdid=pPArXq45AKTQvTYC","article_modified_time":"2025-01-09T15:59:47+00:00","og_image":[{"url":"http:\/\/www.gestemconsulting.es\/wp-content\/uploads\/2025\/01\/pexels-photo-5313131-1733301775_1733310173cp-768x427.webp","type":"","width":"","height":""}],"twitter_card":"summary_large_image","twitter_misc":{"Tiempo de lectura":"1 minuto"},"schema":{"@context":"https:\/\/schema.org","@graph":[{"@type":"WebPage","@id":"https:\/\/www.gestemconsulting.es\/index.php\/noticias-gestem\/","url":"https:\/\/www.gestemconsulting.es\/index.php\/noticias-gestem\/","name":"Noticias - Gestem Consulting","isPartOf":{"@id":"https:\/\/www.gestemconsulting.es\/#website"},"primaryImageOfPage":{"@id":"https:\/\/www.gestemconsulting.es\/index.php\/noticias-gestem\/#primaryimage"},"image":{"@id":"https:\/\/www.gestemconsulting.es\/index.php\/noticias-gestem\/#primaryimage"},"thumbnailUrl":"http:\/\/www.gestemconsulting.es\/wp-content\/uploads\/2025\/01\/pexels-photo-5313131-1733301775_1733310173cp-768x427.webp","datePublished":"2024-11-20T12:53:31+00:00","dateModified":"2025-01-09T15:59:47+00:00","breadcrumb":{"@id":"https:\/\/www.gestemconsulting.es\/index.php\/noticias-gestem\/#breadcrumb"},"inLanguage":"es","potentialAction":[{"@type":"ReadAction","target":["https:\/\/www.gestemconsulting.es\/index.php\/noticias-gestem\/"]}]},{"@type":"ImageObject","inLanguage":"es","@id":"https:\/\/www.gestemconsulting.es\/index.php\/noticias-gestem\/#primaryimage","url":"http:\/\/www.gestemconsulting.es\/wp-content\/uploads\/2025\/01\/pexels-photo-5313131-1733301775_1733310173cp-768x427.webp","contentUrl":"http:\/\/www.gestemconsulting.es\/wp-content\/uploads\/2025\/01\/pexels-photo-5313131-1733301775_1733310173cp-768x427.webp"},{"@type":"BreadcrumbList","@id":"https:\/\/www.gestemconsulting.es\/index.php\/noticias-gestem\/#breadcrumb","itemListElement":[{"@type":"ListItem","position":1,"name":"Portada","item":"https:\/\/www.gestemconsulting.es\/"},{"@type":"ListItem","position":2,"name":"Noticias"}]},{"@type":"WebSite","@id":"https:\/\/www.gestemconsulting.es\/#website","url":"https:\/\/www.gestemconsulting.es\/","name":"Gestem Consulting","description":"Asesor\u00eda fiscal, jur\u00eddico y laboral. Impulsamos tu empresa con tecnolog\u00eda, experiencia y cercan\u00eda.","publisher":{"@id":"https:\/\/www.gestemconsulting.es\/#organization"},"alternateName":"Gestem Consulting","potentialAction":[{"@type":"SearchAction","target":{"@type":"EntryPoint","urlTemplate":"https:\/\/www.gestemconsulting.es\/?s={search_term_string}"},"query-input":{"@type":"PropertyValueSpecification","valueRequired":true,"valueName":"search_term_string"}}],"inLanguage":"es"},{"@type":"Organization","@id":"https:\/\/www.gestemconsulting.es\/#organization","name":"Gestem Consulting","url":"https:\/\/www.gestemconsulting.es\/","logo":{"@type":"ImageObject","inLanguage":"es","@id":"https:\/\/www.gestemconsulting.es\/#\/schema\/logo\/image\/","url":"https:\/\/www.gestemconsulting.es\/wp-content\/uploads\/2024\/11\/icon.png","contentUrl":"https:\/\/www.gestemconsulting.es\/wp-content\/uploads\/2024\/11\/icon.png","width":497,"height":502,"caption":"Gestem Consulting"},"image":{"@id":"https:\/\/www.gestemconsulting.es\/#\/schema\/logo\/image\/"},"sameAs":["https:\/\/www.facebook.com\/profile.php?id=100063602347291&mibextid=LQQJ4d&rdid=pPArXq45AKTQvTYC","https:\/\/www.instagram.com\/gestemconsulting","https:\/\/www.linkedin.com\/company\/gestem-consulting\/"]}]}},"_links":{"self":[{"href":"https:\/\/www.gestemconsulting.es\/index.php\/wp-json\/wp\/v2\/pages\/7661","targetHints":{"allow":["GET"]}}],"collection":[{"href":"https:\/\/www.gestemconsulting.es\/index.php\/wp-json\/wp\/v2\/pages"}],"about":[{"href":"https:\/\/www.gestemconsulting.es\/index.php\/wp-json\/wp\/v2\/types\/page"}],"author":[{"embeddable":true,"href":"https:\/\/www.gestemconsulting.es\/index.php\/wp-json\/wp\/v2\/users\/1"}],"replies":[{"embeddable":true,"href":"https:\/\/www.gestemconsulting.es\/index.php\/wp-json\/wp\/v2\/comments?post=7661"}],"version-history":[{"count":23,"href":"https:\/\/www.gestemconsulting.es\/index.php\/wp-json\/wp\/v2\/pages\/7661\/revisions"}],"predecessor-version":[{"id":7785,"href":"https:\/\/www.gestemconsulting.es\/index.php\/wp-json\/wp\/v2\/pages\/7661\/revisions\/7785"}],"wp:attachment":[{"href":"https:\/\/www.gestemconsulting.es\/index.php\/wp-json\/wp\/v2\/media?parent=7661"}],"curies":[{"name":"wp","href":"https:\/\/api.w.org\/{rel}","templated":true}]}}