{"id":7206,"date":"2024-11-08T00:48:25","date_gmt":"2024-11-07T23:48:25","guid":{"rendered":"https:\/\/www.gestemconsulting.es\/?page_id=7206"},"modified":"2024-11-08T00:51:17","modified_gmt":"2024-11-07T23:51:17","slug":"politica-de-privacidad","status":"publish","type":"page","link":"https:\/\/www.gestemconsulting.es\/index.php\/politica-de-privacidad\/","title":{"rendered":"Pol\u00edtica de privacidad"},"content":{"rendered":"\t\t<div data-elementor-type=\"wp-page\" data-elementor-id=\"7206\" class=\"elementor elementor-7206\" data-elementor-post-type=\"page\">\n\t\t\t\t<div class=\"elementor-element elementor-element-1bcd767 e-flex e-con-boxed e-con e-parent\" data-id=\"1bcd767\" data-element_type=\"container\">\n\t\t\t\t\t<div class=\"e-con-inner\">\n\t\t<div class=\"elementor-element elementor-element-6dfd9fc e-con-full e-flex e-con e-child\" data-id=\"6dfd9fc\" data-element_type=\"container\">\n\t\t\t\t<\/div>\n\t\t<div class=\"elementor-element elementor-element-b2597b8 e-con-full e-flex e-con e-child\" data-id=\"b2597b8\" data-element_type=\"container\">\n\t\t\t\t<div class=\"elementor-element elementor-element-20534347 elementor-widget elementor-widget-text-editor\" data-id=\"20534347\" data-element_type=\"widget\" data-widget_type=\"text-editor.default\">\n\t\t\t\t<div class=\"elementor-widget-container\">\n\t\t\t\t\t\t\t<p><!-- wp:paragraph --><\/p>\n<h1><strong style=\"font-family: &quot;&quot;; color: var( --e-global-color-text ); text-align: var(--text-align);\">Pol\u00edtica de Privacidad\u00a0<\/strong><\/h1>\n<p><strong style=\"font-family: &quot;&quot;; color: var( --e-global-color-text ); text-align: var(--text-align);\">\u00a0<\/strong><\/p>\n<p><strong style=\"font-family: &quot;&quot;; color: var( --e-global-color-text ); text-align: var(--text-align);\">1. Responsable del Tratamiento<\/strong><span style=\"font-family: &quot;&quot;; color: var( --e-global-color-text ); font-weight: var( --e-global-typography-text-font-weight ); text-align: var(--text-align);\">\u00a0<\/span><\/p>\n<p><!-- \/wp:paragraph --><!-- wp:list --><\/p>\n<ul class=\"wp-block-list\">\n<li style=\"list-style-type: none;\">\n<ul class=\"wp-block-list\"><!-- wp:list-item --><\/ul>\n<\/li>\n<\/ul>\n<ul class=\"wp-block-list\">\n<li style=\"list-style-type: none;\">\n<ul class=\"wp-block-list\">\n<li><strong>Identidad<\/strong>: GESTEM CONSULTING, SL<\/li>\n<\/ul>\n<\/li>\n<\/ul>\n<p><!-- \/wp:list-item --><!-- wp:list-item --><\/p>\n<ul class=\"wp-block-list\">\n<li style=\"list-style-type: none;\">\n<ul class=\"wp-block-list\">\n<li><strong>NIF\/CIF<\/strong>:\u00a0B81750663<\/li>\n<\/ul>\n<\/li>\n<\/ul>\n<p><!-- \/wp:list-item --><!-- wp:list-item --><\/p>\n<ul class=\"wp-block-list\">\n<li style=\"list-style-type: none;\">\n<ul class=\"wp-block-list\">\n<li><strong>Direcci\u00f3n<\/strong>: Avda. de la Sierra, 22 \u2013 2\u00baB<\/li>\n<\/ul>\n<\/li>\n<\/ul>\n<p><!-- \/wp:list-item --><!-- wp:list-item --><\/p>\n<ul class=\"wp-block-list\">\n<li style=\"list-style-type: none;\">\n<ul class=\"wp-block-list\">\n<li><strong>Correo Electr\u00f3nico<\/strong>:\u00a0<a href=\"mailto:info@gestemconsulting.es\" target=\"_blank\" rel=\"noreferrer noopener\">info@gestemconsulting.es<\/a><\/li>\n<\/ul>\n<\/li>\n<\/ul>\n<p><!-- \/wp:list-item --><\/p>\n<p><!-- \/wp:list --><!-- wp:paragraph --><\/p>\n<p><strong>2. Datos Tratados y Finalidad<\/strong>\u00a0<\/p>\n<p><!-- \/wp:paragraph --><!-- wp:paragraph --><\/p>\n<p>En GESTEM CONSULTING, SL tratamos los datos personales que nos facilita con las siguientes finalidades:\u00a0<\/p>\n<p><!-- \/wp:paragraph --><!-- wp:list --><\/p>\n<ul class=\"wp-block-list\">\n<li style=\"list-style-type: none;\">\n<ul class=\"wp-block-list\"><!-- wp:list-item --><\/ul>\n<\/li>\n<\/ul>\n<p>\u00a0<\/p>\n<ul class=\"wp-block-list\">\n<li style=\"list-style-type: none;\">\n<ul class=\"wp-block-list\">\n<li><strong>Gesti\u00f3n de Consultas y Contacto<\/strong>: Responder a las solicitudes de informaci\u00f3n y consultas recibidas a trav\u00e9s de los formularios de contacto del sitio web.\u00a0<\/li>\n<\/ul>\n<\/li>\n<\/ul>\n<p><!-- \/wp:list-item --><!-- wp:list-item --><\/p>\n<ul class=\"wp-block-list\">\n<li style=\"list-style-type: none;\">\n<ul class=\"wp-block-list\">\n<li><strong>Gesti\u00f3n de Pedidos y Servicios<\/strong>: Facilitar la gesti\u00f3n de pedidos, productos y servicios adquiridos por el usuario.\u00a0<\/li>\n<\/ul>\n<\/li>\n<\/ul>\n<p><!-- \/wp:list-item --><!-- wp:list-item --><\/p>\n<ul class=\"wp-block-list\">\n<li style=\"list-style-type: none;\">\n<ul class=\"wp-block-list\">\n<li><strong>Env\u00edo de Comunicaciones Comerciales<\/strong>: En el caso de que el usuario lo haya autorizado expresamente.\u00a0<\/li>\n<\/ul>\n<\/li>\n<\/ul>\n<p><!-- \/wp:list-item --><\/p>\n<p><!-- \/wp:list --><!-- wp:paragraph --><\/p>\n<p><strong>3. Conservaci\u00f3n de los Datos<\/strong>\u00a0<\/p>\n<p><!-- \/wp:paragraph --><!-- wp:paragraph --><\/p>\n<p>Los datos personales proporcionados se conservar\u00e1n durante el tiempo necesario para cumplir con la finalidad para la que se recaban y para determinar las posibles responsabilidades que se pudieran derivar de dicha finalidad y del tratamiento de los datos.\u00a0<\/p>\n<p><!-- \/wp:paragraph --><!-- wp:paragraph --><\/p>\n<p><strong>4. Legitimaci\u00f3n<\/strong>\u00a0<\/p>\n<p><!-- \/wp:paragraph --><!-- wp:paragraph --><\/p>\n<p>La base legal para el tratamiento de los datos personales es el consentimiento otorgado por el usuario al aceptar esta pol\u00edtica de privacidad o al completar y enviar el formulario de contacto.\u00a0<\/p>\n<p><!-- \/wp:paragraph --><!-- wp:paragraph --><\/p>\n<p><strong>5. Derechos de los Usuarios<\/strong>\u00a0<\/p>\n<p><!-- \/wp:paragraph --><!-- wp:paragraph --><\/p>\n<p>El usuario puede ejercer en cualquier momento sus derechos de acceso, rectificaci\u00f3n, supresi\u00f3n, limitaci\u00f3n del tratamiento, portabilidad y oposici\u00f3n al tratamiento de sus datos personales, dirigi\u00e9ndose por escrito a GESTEM CONSULTING, SL a la direcci\u00f3n postal indicada o al correo electr\u00f3nico\u00a0<a href=\"mailto:info@gestemconsulting.es\" target=\"_blank\" rel=\"noreferrer noopener\">info@gestemconsulting.es<\/a>.\u00a0<\/p>\n<p><!-- \/wp:paragraph --><!-- wp:paragraph --><\/p>\n<p>Asimismo, el usuario tiene derecho a presentar una reclamaci\u00f3n ante la Agencia Espa\u00f1ola de Protecci\u00f3n de Datos (AEPD), especialmente cuando no haya obtenido satisfacci\u00f3n en el ejercicio de sus derechos.\u00a0<\/p>\n<p><!-- \/wp:paragraph --><!-- wp:paragraph --><\/p>\n<p><strong>6. Seguridad de los Datos<\/strong>\u00a0<\/p>\n<p><!-- \/wp:paragraph --><!-- wp:paragraph --><\/p>\n<p>En GESTEM CONSULTING, SL hemos implementado las medidas t\u00e9cnicas y organizativas necesarias para garantizar la seguridad de los datos de car\u00e1cter personal y evitar su alteraci\u00f3n, p\u00e9rdida, tratamiento o acceso no autorizado.\u00a0<\/p>\n<p><!-- \/wp:paragraph --><!-- wp:paragraph --><\/p>\n<p><strong>7. Modificaciones de la Pol\u00edtica de Privacidad<\/strong>\u00a0<\/p>\n<p><!-- \/wp:paragraph --><!-- wp:paragraph --><\/p>\n<p>GESTEM CONSULTING, SL se reserva el derecho a modificar la presente pol\u00edtica de privacidad para adaptarla a novedades legislativas o jurisprudenciales.\u00a0<\/p>\n<p><!-- \/wp:paragraph --><!-- wp:paragraph --><\/p>\n<p><!-- \/wp:paragraph --><\/p>\t\t\t\t\t\t<\/div>\n\t\t\t\t<\/div>\n\t\t\t\t<\/div>\n\t\t<div class=\"elementor-element elementor-element-5600331 e-con-full e-flex e-con e-child\" data-id=\"5600331\" data-element_type=\"container\">\n\t\t\t\t<\/div>\n\t\t\t\t\t<\/div>\n\t\t\t\t<\/div>\n\t\t\t\t<\/div>\n\t\t","protected":false},"excerpt":{"rendered":"<p>Pol\u00edtica de Privacidad\u00a0 \u00a0 1. Responsable del Tratamiento\u00a0 2. Datos Tratados y Finalidad\u00a0 En GESTEM CONSULTING, SL tratamos los datos personales que nos facilita con las siguientes finalidades:\u00a0 3. Conservaci\u00f3n de los Datos\u00a0 Los datos personales proporcionados se conservar\u00e1n durante el tiempo necesario para cumplir con la finalidad para la que se recaban y para [&hellip;]<\/p>\n","protected":false},"author":1,"featured_media":0,"parent":0,"menu_order":0,"comment_status":"closed","ping_status":"closed","template":"elementor_header_footer","meta":{"footnotes":""},"class_list":["post-7206","page","type-page","status-publish","hentry"],"yoast_head":"<!-- This site is optimized with the Yoast SEO plugin v27.2 - https:\/\/yoast.com\/product\/yoast-seo-wordpress\/ -->\n<title>Pol\u00edtica de privacidad - Gestem Consulting<\/title>\n<meta name=\"robots\" content=\"index, follow, max-snippet:-1, max-image-preview:large, max-video-preview:-1\" \/>\n<link rel=\"canonical\" href=\"https:\/\/www.gestemconsulting.es\/index.php\/politica-de-privacidad\/\" \/>\n<meta property=\"og:locale\" content=\"es_ES\" \/>\n<meta property=\"og:type\" content=\"article\" \/>\n<meta property=\"og:title\" content=\"Pol\u00edtica de privacidad - Gestem Consulting\" \/>\n<meta property=\"og:description\" content=\"Pol\u00edtica de Privacidad\u00a0 \u00a0 1. Responsable del Tratamiento\u00a0 2. Datos Tratados y Finalidad\u00a0 En GESTEM CONSULTING, SL tratamos los datos personales que nos facilita con las siguientes finalidades:\u00a0 3. Conservaci\u00f3n de los Datos\u00a0 Los datos personales proporcionados se conservar\u00e1n durante el tiempo necesario para cumplir con la finalidad para la que se recaban y para [&hellip;]\" \/>\n<meta property=\"og:url\" content=\"https:\/\/www.gestemconsulting.es\/index.php\/politica-de-privacidad\/\" \/>\n<meta property=\"og:site_name\" content=\"Gestem Consulting\" \/>\n<meta property=\"article:publisher\" content=\"https:\/\/www.facebook.com\/profile.php?id=100063602347291&amp;mibextid=LQQJ4d&amp;rdid=pPArXq45AKTQvTYC\" \/>\n<meta property=\"article:modified_time\" content=\"2024-11-07T23:51:17+00:00\" \/>\n<meta property=\"og:image\" content=\"https:\/\/www.gestemconsulting.es\/wp-content\/uploads\/2024\/11\/icon-png.webp\" \/>\n\t<meta property=\"og:image:width\" content=\"497\" \/>\n\t<meta property=\"og:image:height\" content=\"502\" \/>\n\t<meta property=\"og:image:type\" content=\"image\/png\" \/>\n<meta name=\"twitter:card\" content=\"summary_large_image\" \/>\n<meta name=\"twitter:label1\" content=\"Tiempo de lectura\" \/>\n\t<meta name=\"twitter:data1\" content=\"2 minutos\" \/>\n<script type=\"application\/ld+json\" class=\"yoast-schema-graph\">{\"@context\":\"https:\/\/schema.org\",\"@graph\":[{\"@type\":\"WebPage\",\"@id\":\"https:\/\/www.gestemconsulting.es\/index.php\/politica-de-privacidad\/\",\"url\":\"https:\/\/www.gestemconsulting.es\/index.php\/politica-de-privacidad\/\",\"name\":\"Pol\u00edtica de privacidad - Gestem Consulting\",\"isPartOf\":{\"@id\":\"https:\/\/www.gestemconsulting.es\/#website\"},\"datePublished\":\"2024-11-07T23:48:25+00:00\",\"dateModified\":\"2024-11-07T23:51:17+00:00\",\"breadcrumb\":{\"@id\":\"https:\/\/www.gestemconsulting.es\/index.php\/politica-de-privacidad\/#breadcrumb\"},\"inLanguage\":\"es\",\"potentialAction\":[{\"@type\":\"ReadAction\",\"target\":[\"https:\/\/www.gestemconsulting.es\/index.php\/politica-de-privacidad\/\"]}]},{\"@type\":\"BreadcrumbList\",\"@id\":\"https:\/\/www.gestemconsulting.es\/index.php\/politica-de-privacidad\/#breadcrumb\",\"itemListElement\":[{\"@type\":\"ListItem\",\"position\":1,\"name\":\"Portada\",\"item\":\"https:\/\/www.gestemconsulting.es\/\"},{\"@type\":\"ListItem\",\"position\":2,\"name\":\"Pol\u00edtica de privacidad\"}]},{\"@type\":\"WebSite\",\"@id\":\"https:\/\/www.gestemconsulting.es\/#website\",\"url\":\"https:\/\/www.gestemconsulting.es\/\",\"name\":\"Gestem Consulting\",\"description\":\"Asesor\u00eda fiscal, jur\u00eddico y laboral. Impulsamos tu empresa con tecnolog\u00eda, experiencia y cercan\u00eda.\",\"publisher\":{\"@id\":\"https:\/\/www.gestemconsulting.es\/#organization\"},\"alternateName\":\"Gestem Consulting\",\"potentialAction\":[{\"@type\":\"SearchAction\",\"target\":{\"@type\":\"EntryPoint\",\"urlTemplate\":\"https:\/\/www.gestemconsulting.es\/?s={search_term_string}\"},\"query-input\":{\"@type\":\"PropertyValueSpecification\",\"valueRequired\":true,\"valueName\":\"search_term_string\"}}],\"inLanguage\":\"es\"},{\"@type\":\"Organization\",\"@id\":\"https:\/\/www.gestemconsulting.es\/#organization\",\"name\":\"Gestem Consulting\",\"url\":\"https:\/\/www.gestemconsulting.es\/\",\"logo\":{\"@type\":\"ImageObject\",\"inLanguage\":\"es\",\"@id\":\"https:\/\/www.gestemconsulting.es\/#\/schema\/logo\/image\/\",\"url\":\"https:\/\/www.gestemconsulting.es\/wp-content\/uploads\/2024\/11\/icon.png\",\"contentUrl\":\"https:\/\/www.gestemconsulting.es\/wp-content\/uploads\/2024\/11\/icon.png\",\"width\":497,\"height\":502,\"caption\":\"Gestem Consulting\"},\"image\":{\"@id\":\"https:\/\/www.gestemconsulting.es\/#\/schema\/logo\/image\/\"},\"sameAs\":[\"https:\/\/www.facebook.com\/profile.php?id=100063602347291&mibextid=LQQJ4d&rdid=pPArXq45AKTQvTYC\",\"https:\/\/www.instagram.com\/gestemconsulting\",\"https:\/\/www.linkedin.com\/company\/gestem-consulting\/\"]}]}<\/script>\n<!-- \/ Yoast SEO plugin. -->","yoast_head_json":{"title":"Pol\u00edtica de privacidad - Gestem Consulting","robots":{"index":"index","follow":"follow","max-snippet":"max-snippet:-1","max-image-preview":"max-image-preview:large","max-video-preview":"max-video-preview:-1"},"canonical":"https:\/\/www.gestemconsulting.es\/index.php\/politica-de-privacidad\/","og_locale":"es_ES","og_type":"article","og_title":"Pol\u00edtica de privacidad - Gestem Consulting","og_description":"Pol\u00edtica de Privacidad\u00a0 \u00a0 1. Responsable del Tratamiento\u00a0 2. Datos Tratados y Finalidad\u00a0 En GESTEM CONSULTING, SL tratamos los datos personales que nos facilita con las siguientes finalidades:\u00a0 3. Conservaci\u00f3n de los Datos\u00a0 Los datos personales proporcionados se conservar\u00e1n durante el tiempo necesario para cumplir con la finalidad para la que se recaban y para [&hellip;]","og_url":"https:\/\/www.gestemconsulting.es\/index.php\/politica-de-privacidad\/","og_site_name":"Gestem Consulting","article_publisher":"https:\/\/www.facebook.com\/profile.php?id=100063602347291&mibextid=LQQJ4d&rdid=pPArXq45AKTQvTYC","article_modified_time":"2024-11-07T23:51:17+00:00","og_image":[{"width":497,"height":502,"url":"https:\/\/www.gestemconsulting.es\/wp-content\/uploads\/2024\/11\/icon-png.webp","type":"image\/png"}],"twitter_card":"summary_large_image","twitter_misc":{"Tiempo de lectura":"2 minutos"},"schema":{"@context":"https:\/\/schema.org","@graph":[{"@type":"WebPage","@id":"https:\/\/www.gestemconsulting.es\/index.php\/politica-de-privacidad\/","url":"https:\/\/www.gestemconsulting.es\/index.php\/politica-de-privacidad\/","name":"Pol\u00edtica de privacidad - Gestem Consulting","isPartOf":{"@id":"https:\/\/www.gestemconsulting.es\/#website"},"datePublished":"2024-11-07T23:48:25+00:00","dateModified":"2024-11-07T23:51:17+00:00","breadcrumb":{"@id":"https:\/\/www.gestemconsulting.es\/index.php\/politica-de-privacidad\/#breadcrumb"},"inLanguage":"es","potentialAction":[{"@type":"ReadAction","target":["https:\/\/www.gestemconsulting.es\/index.php\/politica-de-privacidad\/"]}]},{"@type":"BreadcrumbList","@id":"https:\/\/www.gestemconsulting.es\/index.php\/politica-de-privacidad\/#breadcrumb","itemListElement":[{"@type":"ListItem","position":1,"name":"Portada","item":"https:\/\/www.gestemconsulting.es\/"},{"@type":"ListItem","position":2,"name":"Pol\u00edtica de privacidad"}]},{"@type":"WebSite","@id":"https:\/\/www.gestemconsulting.es\/#website","url":"https:\/\/www.gestemconsulting.es\/","name":"Gestem Consulting","description":"Asesor\u00eda fiscal, jur\u00eddico y laboral. Impulsamos tu empresa con tecnolog\u00eda, experiencia y cercan\u00eda.","publisher":{"@id":"https:\/\/www.gestemconsulting.es\/#organization"},"alternateName":"Gestem Consulting","potentialAction":[{"@type":"SearchAction","target":{"@type":"EntryPoint","urlTemplate":"https:\/\/www.gestemconsulting.es\/?s={search_term_string}"},"query-input":{"@type":"PropertyValueSpecification","valueRequired":true,"valueName":"search_term_string"}}],"inLanguage":"es"},{"@type":"Organization","@id":"https:\/\/www.gestemconsulting.es\/#organization","name":"Gestem Consulting","url":"https:\/\/www.gestemconsulting.es\/","logo":{"@type":"ImageObject","inLanguage":"es","@id":"https:\/\/www.gestemconsulting.es\/#\/schema\/logo\/image\/","url":"https:\/\/www.gestemconsulting.es\/wp-content\/uploads\/2024\/11\/icon.png","contentUrl":"https:\/\/www.gestemconsulting.es\/wp-content\/uploads\/2024\/11\/icon.png","width":497,"height":502,"caption":"Gestem Consulting"},"image":{"@id":"https:\/\/www.gestemconsulting.es\/#\/schema\/logo\/image\/"},"sameAs":["https:\/\/www.facebook.com\/profile.php?id=100063602347291&mibextid=LQQJ4d&rdid=pPArXq45AKTQvTYC","https:\/\/www.instagram.com\/gestemconsulting","https:\/\/www.linkedin.com\/company\/gestem-consulting\/"]}]}},"_links":{"self":[{"href":"https:\/\/www.gestemconsulting.es\/index.php\/wp-json\/wp\/v2\/pages\/7206","targetHints":{"allow":["GET"]}}],"collection":[{"href":"https:\/\/www.gestemconsulting.es\/index.php\/wp-json\/wp\/v2\/pages"}],"about":[{"href":"https:\/\/www.gestemconsulting.es\/index.php\/wp-json\/wp\/v2\/types\/page"}],"author":[{"embeddable":true,"href":"https:\/\/www.gestemconsulting.es\/index.php\/wp-json\/wp\/v2\/users\/1"}],"replies":[{"embeddable":true,"href":"https:\/\/www.gestemconsulting.es\/index.php\/wp-json\/wp\/v2\/comments?post=7206"}],"version-history":[{"count":5,"href":"https:\/\/www.gestemconsulting.es\/index.php\/wp-json\/wp\/v2\/pages\/7206\/revisions"}],"predecessor-version":[{"id":7211,"href":"https:\/\/www.gestemconsulting.es\/index.php\/wp-json\/wp\/v2\/pages\/7206\/revisions\/7211"}],"wp:attachment":[{"href":"https:\/\/www.gestemconsulting.es\/index.php\/wp-json\/wp\/v2\/media?parent=7206"}],"curies":[{"name":"wp","href":"https:\/\/api.w.org\/{rel}","templated":true}]}}