{"id":7204,"date":"2024-11-08T00:47:04","date_gmt":"2024-11-07T23:47:04","guid":{"rendered":"https:\/\/www.gestemconsulting.es\/?page_id=7204"},"modified":"2024-11-08T00:53:46","modified_gmt":"2024-11-07T23:53:46","slug":"aviso-legal","status":"publish","type":"page","link":"https:\/\/www.gestemconsulting.es\/index.php\/aviso-legal\/","title":{"rendered":"Aviso Legal"},"content":{"rendered":"\t\t<div data-elementor-type=\"wp-page\" data-elementor-id=\"7204\" class=\"elementor elementor-7204\" data-elementor-post-type=\"page\">\n\t\t\t\t<div class=\"elementor-element elementor-element-7fdd375 e-flex e-con-boxed e-con e-parent\" data-id=\"7fdd375\" data-element_type=\"container\">\n\t\t\t\t\t<div class=\"e-con-inner\">\n\t\t<div class=\"elementor-element elementor-element-1b6a790 e-con-full e-flex e-con e-child\" data-id=\"1b6a790\" data-element_type=\"container\">\n\t\t\t\t<\/div>\n\t\t<div class=\"elementor-element elementor-element-25f0768 e-con-full e-flex e-con e-child\" data-id=\"25f0768\" data-element_type=\"container\">\n\t\t\t\t<div class=\"elementor-element elementor-element-601dd5e2 elementor-widget elementor-widget-text-editor\" data-id=\"601dd5e2\" data-element_type=\"widget\" data-widget_type=\"text-editor.default\">\n\t\t\t\t<div class=\"elementor-widget-container\">\n\t\t\t\t\t\t\t<p><!-- wp:paragraph --><\/p>\n<h1><strong>Aviso legal<\/strong><\/h1>\n<p><strong>1. Informaci\u00f3n General<\/strong><\/p>\n<p><!-- \/wp:paragraph --><\/p>\n<p><!-- wp:paragraph --><\/p>\n<p>En cumplimiento de lo dispuesto en la Ley 34\/2002, de Servicios de la Sociedad de la Informaci\u00f3n y de Comercio Electr\u00f3nico (LSSI-CE), se informa de los siguientes datos de identificaci\u00f3n de la empresa propietaria del sitio web:<\/p>\n<p><!-- \/wp:paragraph --><\/p>\n<p><!-- wp:paragraph --><\/p>\n<p>\u00a0\u2022\u00a0<strong>Raz\u00f3n Social<\/strong>: GESTEM CONSULTING, SL<\/p>\n<p><!-- \/wp:paragraph --><\/p>\n<p><!-- wp:paragraph --><\/p>\n<p>\u00a0\u2022\u00a0<strong>NIF\/CIF<\/strong>: B81750663<\/p>\n<p><!-- \/wp:paragraph --><\/p>\n<p><!-- wp:paragraph --><\/p>\n<p>\u00a0\u2022\u00a0<strong>Direcci\u00f3n<\/strong>: Avda. de la Sierra, 22 \u2013 2\u00baB<\/p>\n<p><!-- \/wp:paragraph --><\/p>\n<p><!-- wp:paragraph --><\/p>\n<p>\u00a0\u2022\u00a0<strong>Correo Electr\u00f3nico<\/strong>:\u00a0<a href=\"mailto:info@gestemconsulting.es\" target=\"_blank\" rel=\"noreferrer noopener\">info@gestemconsulting.es<\/a><\/p>\n<p><!-- \/wp:paragraph --><\/p>\n<p><!-- wp:paragraph --><\/p>\n<p>\u00a0\u2022\u00a0<strong>Tel\u00e9fono<\/strong>: 629186939<\/p>\n<p><!-- \/wp:paragraph --><\/p>\n<p><!-- wp:paragraph --><\/p>\n<p><strong>2. Condiciones de Uso<\/strong><\/p>\n<p><!-- \/wp:paragraph --><\/p>\n<p><!-- wp:paragraph --><\/p>\n<p>El acceso a este sitio web implica la aceptaci\u00f3n plena y sin reservas de las condiciones incluidas en este aviso legal. El usuario se compromete a utilizar el sitio web y sus contenidos conforme a la ley, el presente aviso legal, y los principios de buena fe y orden p\u00fablico.<\/p>\n<p><!-- \/wp:paragraph --><\/p>\n<p><!-- wp:paragraph --><\/p>\n<p>GESTEM CONSULTING, SL se reserva el derecho a modificar las condiciones en cualquier momento, por lo que se recomienda a los usuarios revisar el aviso legal peri\u00f3dicamente.<\/p>\n<p><!-- \/wp:paragraph --><\/p>\n<p><!-- wp:paragraph --><\/p>\n<p><strong>3. Propiedad Intelectual e Industrial<\/strong><\/p>\n<p><!-- \/wp:paragraph --><\/p>\n<p><!-- wp:paragraph --><\/p>\n<p>Todos los contenidos del sitio web (incluyendo, pero no limit\u00e1ndose a, textos, gr\u00e1ficos, logotipos, iconos, im\u00e1genes, dise\u00f1o gr\u00e1fico, c\u00f3digo fuente y software) son propiedad de GESTEM CONSULTING, SL o de sus proveedores de contenido, y est\u00e1n protegidos por las leyes de propiedad intelectual e industrial.<\/p>\n<p><!-- \/wp:paragraph --><\/p>\n<p><!-- wp:paragraph --><\/p>\n<p>El usuario no est\u00e1 autorizado a utilizar, reproducir, distribuir, modificar o difundir los contenidos del sitio web sin autorizaci\u00f3n expresa por escrito de GESTEM CONSULTING, SL<strong>.<\/strong><\/p>\n<p><!-- \/wp:paragraph --><\/p>\n<p><!-- wp:paragraph --><\/p>\n<p><strong>4. Responsabilidad<\/strong><\/p>\n<p><!-- \/wp:paragraph --><\/p>\n<p><!-- wp:paragraph --><\/p>\n<p>GESTEM CONSULTING, SL no se hace responsable de los da\u00f1os o perjuicios derivados del uso de este sitio web, ni de la informaci\u00f3n contenida en \u00e9l. Tampoco se responsabiliza de posibles errores de seguridad que puedan producirse ni de los da\u00f1os que puedan causarse al sistema inform\u00e1tico del usuario (hardware y software) como consecuencia de la presencia de virus en la red.<\/p>\n<p><!-- \/wp:paragraph --><\/p>\n<p><!-- wp:paragraph --><\/p>\n<p><strong>5. Enlaces<\/strong><\/p>\n<p><!-- \/wp:paragraph --><\/p>\n<p><!-- wp:paragraph --><\/p>\n<p>El sitio web\u00a0<strong><em><u><a href=\"http:\/\/www.xn--raznsocial-ibb.com\/\" target=\"_blank\" rel=\"noreferrer noopener\">www.Raz\u00f3nSocial.com<\/a><\/u><\/em><\/strong>\u00a0puede contener enlaces a sitios web de terceros. GESTEM CONSULTING, SL no se hace responsable del contenido de dichos sitios ni de sus pol\u00edticas de privacidad.<\/p>\n<p><!-- \/wp:paragraph --><\/p>\n<p><!-- wp:paragraph --><\/p>\n<p><strong>6. Legislaci\u00f3n Aplicable y Jurisdicci\u00f3n<\/strong><\/p>\n<p><!-- \/wp:paragraph --><\/p>\n<p><!-- wp:paragraph --><\/p>\n<p>El presente aviso legal se rige por la legislaci\u00f3n espa\u00f1ola. Cualquier controversia que pudiera derivarse del acceso o uso de este sitio web se someter\u00e1 a la jurisdicci\u00f3n de los tribunales de Madrid.<\/p>\n<p><!-- \/wp:paragraph --><\/p>\t\t\t\t\t\t<\/div>\n\t\t\t\t<\/div>\n\t\t\t\t<\/div>\n\t\t<div class=\"elementor-element elementor-element-5797b0d e-con-full e-flex e-con e-child\" data-id=\"5797b0d\" data-element_type=\"container\">\n\t\t\t\t<\/div>\n\t\t\t\t\t<\/div>\n\t\t\t\t<\/div>\n\t\t\t\t<\/div>\n\t\t","protected":false},"excerpt":{"rendered":"<p>Aviso legal 1. Informaci\u00f3n General En cumplimiento de lo dispuesto en la Ley 34\/2002, de Servicios de la Sociedad de la Informaci\u00f3n y de Comercio Electr\u00f3nico (LSSI-CE), se informa de los siguientes datos de identificaci\u00f3n de la empresa propietaria del sitio web: \u00a0\u2022\u00a0Raz\u00f3n Social: GESTEM CONSULTING, SL \u00a0\u2022\u00a0NIF\/CIF: B81750663 \u00a0\u2022\u00a0Direcci\u00f3n: Avda. de la Sierra, 22 [&hellip;]<\/p>\n","protected":false},"author":1,"featured_media":0,"parent":0,"menu_order":0,"comment_status":"closed","ping_status":"closed","template":"elementor_header_footer","meta":{"footnotes":""},"class_list":["post-7204","page","type-page","status-publish","hentry"],"yoast_head":"<!-- This site is optimized with the Yoast SEO plugin v27.2 - https:\/\/yoast.com\/product\/yoast-seo-wordpress\/ -->\n<title>Aviso Legal - Gestem Consulting<\/title>\n<meta name=\"robots\" content=\"index, follow, max-snippet:-1, max-image-preview:large, max-video-preview:-1\" \/>\n<link rel=\"canonical\" href=\"https:\/\/www.gestemconsulting.es\/index.php\/aviso-legal\/\" \/>\n<meta property=\"og:locale\" content=\"es_ES\" \/>\n<meta property=\"og:type\" content=\"article\" \/>\n<meta property=\"og:title\" content=\"Aviso Legal - Gestem Consulting\" \/>\n<meta property=\"og:description\" content=\"Aviso legal 1. Informaci\u00f3n General En cumplimiento de lo dispuesto en la Ley 34\/2002, de Servicios de la Sociedad de la Informaci\u00f3n y de Comercio Electr\u00f3nico (LSSI-CE), se informa de los siguientes datos de identificaci\u00f3n de la empresa propietaria del sitio web: \u00a0\u2022\u00a0Raz\u00f3n Social: GESTEM CONSULTING, SL \u00a0\u2022\u00a0NIF\/CIF: B81750663 \u00a0\u2022\u00a0Direcci\u00f3n: Avda. de la Sierra, 22 [&hellip;]\" \/>\n<meta property=\"og:url\" content=\"https:\/\/www.gestemconsulting.es\/index.php\/aviso-legal\/\" \/>\n<meta property=\"og:site_name\" content=\"Gestem Consulting\" \/>\n<meta property=\"article:publisher\" content=\"https:\/\/www.facebook.com\/profile.php?id=100063602347291&amp;mibextid=LQQJ4d&amp;rdid=pPArXq45AKTQvTYC\" \/>\n<meta property=\"article:modified_time\" content=\"2024-11-07T23:53:46+00:00\" \/>\n<meta property=\"og:image\" content=\"https:\/\/www.gestemconsulting.es\/wp-content\/uploads\/2024\/11\/icon-png.webp\" \/>\n\t<meta property=\"og:image:width\" content=\"497\" \/>\n\t<meta property=\"og:image:height\" content=\"502\" \/>\n\t<meta property=\"og:image:type\" content=\"image\/png\" \/>\n<meta name=\"twitter:card\" content=\"summary_large_image\" \/>\n<meta name=\"twitter:label1\" content=\"Tiempo de lectura\" \/>\n\t<meta name=\"twitter:data1\" content=\"2 minutos\" \/>\n<script type=\"application\/ld+json\" class=\"yoast-schema-graph\">{\"@context\":\"https:\/\/schema.org\",\"@graph\":[{\"@type\":\"WebPage\",\"@id\":\"https:\/\/www.gestemconsulting.es\/index.php\/aviso-legal\/\",\"url\":\"https:\/\/www.gestemconsulting.es\/index.php\/aviso-legal\/\",\"name\":\"Aviso Legal - Gestem Consulting\",\"isPartOf\":{\"@id\":\"https:\/\/www.gestemconsulting.es\/#website\"},\"datePublished\":\"2024-11-07T23:47:04+00:00\",\"dateModified\":\"2024-11-07T23:53:46+00:00\",\"breadcrumb\":{\"@id\":\"https:\/\/www.gestemconsulting.es\/index.php\/aviso-legal\/#breadcrumb\"},\"inLanguage\":\"es\",\"potentialAction\":[{\"@type\":\"ReadAction\",\"target\":[\"https:\/\/www.gestemconsulting.es\/index.php\/aviso-legal\/\"]}]},{\"@type\":\"BreadcrumbList\",\"@id\":\"https:\/\/www.gestemconsulting.es\/index.php\/aviso-legal\/#breadcrumb\",\"itemListElement\":[{\"@type\":\"ListItem\",\"position\":1,\"name\":\"Portada\",\"item\":\"https:\/\/www.gestemconsulting.es\/\"},{\"@type\":\"ListItem\",\"position\":2,\"name\":\"Aviso Legal\"}]},{\"@type\":\"WebSite\",\"@id\":\"https:\/\/www.gestemconsulting.es\/#website\",\"url\":\"https:\/\/www.gestemconsulting.es\/\",\"name\":\"Gestem Consulting\",\"description\":\"Asesor\u00eda fiscal, jur\u00eddico y laboral. Impulsamos tu empresa con tecnolog\u00eda, experiencia y cercan\u00eda.\",\"publisher\":{\"@id\":\"https:\/\/www.gestemconsulting.es\/#organization\"},\"alternateName\":\"Gestem Consulting\",\"potentialAction\":[{\"@type\":\"SearchAction\",\"target\":{\"@type\":\"EntryPoint\",\"urlTemplate\":\"https:\/\/www.gestemconsulting.es\/?s={search_term_string}\"},\"query-input\":{\"@type\":\"PropertyValueSpecification\",\"valueRequired\":true,\"valueName\":\"search_term_string\"}}],\"inLanguage\":\"es\"},{\"@type\":\"Organization\",\"@id\":\"https:\/\/www.gestemconsulting.es\/#organization\",\"name\":\"Gestem Consulting\",\"url\":\"https:\/\/www.gestemconsulting.es\/\",\"logo\":{\"@type\":\"ImageObject\",\"inLanguage\":\"es\",\"@id\":\"https:\/\/www.gestemconsulting.es\/#\/schema\/logo\/image\/\",\"url\":\"https:\/\/www.gestemconsulting.es\/wp-content\/uploads\/2024\/11\/icon.png\",\"contentUrl\":\"https:\/\/www.gestemconsulting.es\/wp-content\/uploads\/2024\/11\/icon.png\",\"width\":497,\"height\":502,\"caption\":\"Gestem Consulting\"},\"image\":{\"@id\":\"https:\/\/www.gestemconsulting.es\/#\/schema\/logo\/image\/\"},\"sameAs\":[\"https:\/\/www.facebook.com\/profile.php?id=100063602347291&mibextid=LQQJ4d&rdid=pPArXq45AKTQvTYC\",\"https:\/\/www.instagram.com\/gestemconsulting\",\"https:\/\/www.linkedin.com\/company\/gestem-consulting\/\"]}]}<\/script>\n<!-- \/ Yoast SEO plugin. -->","yoast_head_json":{"title":"Aviso Legal - Gestem Consulting","robots":{"index":"index","follow":"follow","max-snippet":"max-snippet:-1","max-image-preview":"max-image-preview:large","max-video-preview":"max-video-preview:-1"},"canonical":"https:\/\/www.gestemconsulting.es\/index.php\/aviso-legal\/","og_locale":"es_ES","og_type":"article","og_title":"Aviso Legal - Gestem Consulting","og_description":"Aviso legal 1. Informaci\u00f3n General En cumplimiento de lo dispuesto en la Ley 34\/2002, de Servicios de la Sociedad de la Informaci\u00f3n y de Comercio Electr\u00f3nico (LSSI-CE), se informa de los siguientes datos de identificaci\u00f3n de la empresa propietaria del sitio web: \u00a0\u2022\u00a0Raz\u00f3n Social: GESTEM CONSULTING, SL \u00a0\u2022\u00a0NIF\/CIF: B81750663 \u00a0\u2022\u00a0Direcci\u00f3n: Avda. de la Sierra, 22 [&hellip;]","og_url":"https:\/\/www.gestemconsulting.es\/index.php\/aviso-legal\/","og_site_name":"Gestem Consulting","article_publisher":"https:\/\/www.facebook.com\/profile.php?id=100063602347291&mibextid=LQQJ4d&rdid=pPArXq45AKTQvTYC","article_modified_time":"2024-11-07T23:53:46+00:00","og_image":[{"width":497,"height":502,"url":"https:\/\/www.gestemconsulting.es\/wp-content\/uploads\/2024\/11\/icon-png.webp","type":"image\/png"}],"twitter_card":"summary_large_image","twitter_misc":{"Tiempo de lectura":"2 minutos"},"schema":{"@context":"https:\/\/schema.org","@graph":[{"@type":"WebPage","@id":"https:\/\/www.gestemconsulting.es\/index.php\/aviso-legal\/","url":"https:\/\/www.gestemconsulting.es\/index.php\/aviso-legal\/","name":"Aviso Legal - Gestem Consulting","isPartOf":{"@id":"https:\/\/www.gestemconsulting.es\/#website"},"datePublished":"2024-11-07T23:47:04+00:00","dateModified":"2024-11-07T23:53:46+00:00","breadcrumb":{"@id":"https:\/\/www.gestemconsulting.es\/index.php\/aviso-legal\/#breadcrumb"},"inLanguage":"es","potentialAction":[{"@type":"ReadAction","target":["https:\/\/www.gestemconsulting.es\/index.php\/aviso-legal\/"]}]},{"@type":"BreadcrumbList","@id":"https:\/\/www.gestemconsulting.es\/index.php\/aviso-legal\/#breadcrumb","itemListElement":[{"@type":"ListItem","position":1,"name":"Portada","item":"https:\/\/www.gestemconsulting.es\/"},{"@type":"ListItem","position":2,"name":"Aviso Legal"}]},{"@type":"WebSite","@id":"https:\/\/www.gestemconsulting.es\/#website","url":"https:\/\/www.gestemconsulting.es\/","name":"Gestem Consulting","description":"Asesor\u00eda fiscal, jur\u00eddico y laboral. Impulsamos tu empresa con tecnolog\u00eda, experiencia y cercan\u00eda.","publisher":{"@id":"https:\/\/www.gestemconsulting.es\/#organization"},"alternateName":"Gestem Consulting","potentialAction":[{"@type":"SearchAction","target":{"@type":"EntryPoint","urlTemplate":"https:\/\/www.gestemconsulting.es\/?s={search_term_string}"},"query-input":{"@type":"PropertyValueSpecification","valueRequired":true,"valueName":"search_term_string"}}],"inLanguage":"es"},{"@type":"Organization","@id":"https:\/\/www.gestemconsulting.es\/#organization","name":"Gestem Consulting","url":"https:\/\/www.gestemconsulting.es\/","logo":{"@type":"ImageObject","inLanguage":"es","@id":"https:\/\/www.gestemconsulting.es\/#\/schema\/logo\/image\/","url":"https:\/\/www.gestemconsulting.es\/wp-content\/uploads\/2024\/11\/icon.png","contentUrl":"https:\/\/www.gestemconsulting.es\/wp-content\/uploads\/2024\/11\/icon.png","width":497,"height":502,"caption":"Gestem Consulting"},"image":{"@id":"https:\/\/www.gestemconsulting.es\/#\/schema\/logo\/image\/"},"sameAs":["https:\/\/www.facebook.com\/profile.php?id=100063602347291&mibextid=LQQJ4d&rdid=pPArXq45AKTQvTYC","https:\/\/www.instagram.com\/gestemconsulting","https:\/\/www.linkedin.com\/company\/gestem-consulting\/"]}]}},"_links":{"self":[{"href":"https:\/\/www.gestemconsulting.es\/index.php\/wp-json\/wp\/v2\/pages\/7204","targetHints":{"allow":["GET"]}}],"collection":[{"href":"https:\/\/www.gestemconsulting.es\/index.php\/wp-json\/wp\/v2\/pages"}],"about":[{"href":"https:\/\/www.gestemconsulting.es\/index.php\/wp-json\/wp\/v2\/types\/page"}],"author":[{"embeddable":true,"href":"https:\/\/www.gestemconsulting.es\/index.php\/wp-json\/wp\/v2\/users\/1"}],"replies":[{"embeddable":true,"href":"https:\/\/www.gestemconsulting.es\/index.php\/wp-json\/wp\/v2\/comments?post=7204"}],"version-history":[{"count":4,"href":"https:\/\/www.gestemconsulting.es\/index.php\/wp-json\/wp\/v2\/pages\/7204\/revisions"}],"predecessor-version":[{"id":7215,"href":"https:\/\/www.gestemconsulting.es\/index.php\/wp-json\/wp\/v2\/pages\/7204\/revisions\/7215"}],"wp:attachment":[{"href":"https:\/\/www.gestemconsulting.es\/index.php\/wp-json\/wp\/v2\/media?parent=7204"}],"curies":[{"name":"wp","href":"https:\/\/api.w.org\/{rel}","templated":true}]}}