{"id":7090,"date":"2024-11-07T23:00:13","date_gmt":"2024-11-07T22:00:13","guid":{"rendered":"https:\/\/www.gestemconsulting.es\/?page_id=7090"},"modified":"2024-12-02T18:29:31","modified_gmt":"2024-12-02T17:29:31","slug":"para-quien","status":"publish","type":"page","link":"https:\/\/www.gestemconsulting.es\/index.php\/para-quien\/","title":{"rendered":"\u00bfPara qui\u00e9n?"},"content":{"rendered":"\t\t<div data-elementor-type=\"wp-page\" data-elementor-id=\"7090\" class=\"elementor elementor-7090\" data-elementor-post-type=\"page\">\n\t\t\t\t<div class=\"elementor-element elementor-element-6d1cf00d e-flex e-con-boxed e-con e-parent\" data-id=\"6d1cf00d\" data-element_type=\"container\">\n\t\t\t\t\t<div class=\"e-con-inner\">\n\t\t\t\t<div class=\"elementor-element elementor-element-ecc069d elementor-widget elementor-widget-elementskit-heading\" data-id=\"ecc069d\" data-element_type=\"widget\" data-widget_type=\"elementskit-heading.default\">\n\t\t\t\t<div class=\"elementor-widget-container\">\n\t\t\t<div class=\"ekit-wid-con\" ><div class=\"ekit-heading elementskit-section-title-wraper text_center   ekit_heading_tablet-   ekit_heading_mobile-\"><h3 class=\"elementskit-section-subtitle  \">\n\t\t\t\t\t\tSimplificamos tu gesti\u00f3n con tecnolog\u00eda y atenci\u00f3n personalizada\n\t\t\t\t\t<\/h3><h2 class=\"ekit-heading--title elementskit-section-title \">Asesor\u00eda que se adapta a ti<\/h2><\/div><\/div>\t\t<\/div>\n\t\t\t\t<\/div>\n\t\t\t\t<div class=\"elementor-element elementor-element-29bb317b elementor-widget elementor-widget-text-editor\" data-id=\"29bb317b\" data-element_type=\"widget\" data-widget_type=\"text-editor.default\">\n\t\t\t\t<div class=\"elementor-widget-container\">\n\t\t\t\t\t\t\t<!-- wp:paragraph -->\n<p>En\u00a0<strong>Gestem Consulting<\/strong>, entendemos que cada empresa y profesional tiene sus propias necesidades y desaf\u00edos. Nuestros servicios est\u00e1n dise\u00f1ados para apoyar a\u00a0<strong>aut\u00f3nomos<\/strong>\u00a0y\u00a0<strong>emprendedores<\/strong>\u00a0que buscan simplificar su gesti\u00f3n y dedicarse plenamente a hacer crecer su negocio. Tambi\u00e9n trabajamos junto a\u00a0<strong>Pymes<\/strong>\u00a0que desean optimizar sus procesos y fortalecer su administraci\u00f3n, as\u00ed como a equipos financieros liderados por\u00a0<strong>CFOs<\/strong>\u00a0o\u00a0<strong>Directores de Finanzas<\/strong>, quienes valoran una asesor\u00eda confiable y personalizada.<\/p>\n<!-- \/wp:paragraph --><!-- wp:paragraph -->\n<p>Para el \u00e1rea de\u00a0<strong>Recursos Humanos<\/strong>, proporcionamos soluciones que facilitan el cumplimiento normativo y promueven un entorno laboral bien organizado, ayudando al\u00a0<strong>Director de Recursos Humanos<\/strong>\u00a0a gestionar sus equipos de manera eficiente. Nos adaptamos a cada perfil, integrando tecnolog\u00eda y automatizaci\u00f3n para que puedas enfocarte en lo que realmente importa: el crecimiento y \u00e9xito de tu empresa, respaldado por un equipo humano comprometido y cercano.<\/p>\n<!-- \/wp:paragraph -->\t\t\t\t\t\t<\/div>\n\t\t\t\t<\/div>\n\t\t\t\t<div class=\"elementor-element elementor-element-593c2c1 elementor-widget elementor-widget-image\" data-id=\"593c2c1\" data-element_type=\"widget\" data-widget_type=\"image.default\">\n\t\t\t\t<div class=\"elementor-widget-container\">\n\t\t\t\t\t\t\t\t\t\t\t\t\t<img fetchpriority=\"high\" decoding=\"async\" width=\"800\" height=\"451\" src=\"https:\/\/www.gestemconsulting.es\/wp-content\/uploads\/2024\/11\/Video-corp-2-1024x577.jpg\" class=\"attachment-large size-large wp-image-7374\" alt=\"\" srcset=\"https:\/\/www.gestemconsulting.es\/wp-content\/uploads\/2024\/11\/Video-corp-2-1024x577.jpg 1024w, https:\/\/www.gestemconsulting.es\/wp-content\/uploads\/2024\/11\/Video-corp-2-300x169.jpg 300w, https:\/\/www.gestemconsulting.es\/wp-content\/uploads\/2024\/11\/Video-corp-2-768x433.jpg 768w, https:\/\/www.gestemconsulting.es\/wp-content\/uploads\/2024\/11\/Video-corp-2-1536x865.jpg 1536w, https:\/\/www.gestemconsulting.es\/wp-content\/uploads\/2024\/11\/Video-corp-2-2048x1154.jpg 2048w, https:\/\/www.gestemconsulting.es\/wp-content\/uploads\/2024\/11\/Video-corp-2-600x338.jpg 600w\" sizes=\"(max-width: 800px) 100vw, 800px\" \/>\t\t\t\t\t\t\t\t\t\t\t\t\t<\/div>\n\t\t\t\t<\/div>\n\t\t\t\t\t<\/div>\n\t\t\t\t<\/div>\n\t\t\t\t<\/div>\n\t\t","protected":false},"excerpt":{"rendered":"<p>Simplificamos tu gesti\u00f3n con tecnolog\u00eda y atenci\u00f3n personalizada Asesor\u00eda que se adapta a ti En\u00a0Gestem Consulting, entendemos que cada empresa y profesional tiene sus propias necesidades y desaf\u00edos. Nuestros servicios est\u00e1n dise\u00f1ados para apoyar a\u00a0aut\u00f3nomos\u00a0y\u00a0emprendedores\u00a0que buscan simplificar su gesti\u00f3n y dedicarse plenamente a hacer crecer su negocio. Tambi\u00e9n trabajamos junto a\u00a0Pymes\u00a0que desean optimizar sus procesos [&hellip;]<\/p>\n","protected":false},"author":1,"featured_media":0,"parent":0,"menu_order":0,"comment_status":"closed","ping_status":"closed","template":"elementor_header_footer","meta":{"footnotes":""},"class_list":["post-7090","page","type-page","status-publish","hentry"],"yoast_head":"<!-- This site is optimized with the Yoast SEO plugin v27.2 - https:\/\/yoast.com\/product\/yoast-seo-wordpress\/ -->\n<title>Para Qui\u00e9n son nuestros Servicios | GESTEM CONSULTING<\/title>\n<meta name=\"description\" content=\"Nuestros servicios est\u00e1n dise\u00f1ados para empresas que buscan soluciones personalizadas y eficientes en gesti\u00f3n administrativa, fiscal y laboral\" \/>\n<meta name=\"robots\" content=\"index, follow, max-snippet:-1, max-image-preview:large, max-video-preview:-1\" \/>\n<link rel=\"canonical\" href=\"https:\/\/www.gestemconsulting.es\/index.php\/para-quien\/\" \/>\n<meta property=\"og:locale\" content=\"es_ES\" \/>\n<meta property=\"og:type\" content=\"article\" \/>\n<meta property=\"og:title\" content=\"Para Qui\u00e9n son nuestros Servicios | GESTEM CONSULTING\" \/>\n<meta property=\"og:description\" content=\"Nuestros servicios est\u00e1n dise\u00f1ados para empresas que buscan soluciones personalizadas y eficientes en gesti\u00f3n administrativa, fiscal y laboral\" \/>\n<meta property=\"og:url\" content=\"https:\/\/www.gestemconsulting.es\/index.php\/para-quien\/\" \/>\n<meta property=\"og:site_name\" content=\"Gestem Consulting\" \/>\n<meta property=\"article:publisher\" content=\"https:\/\/www.facebook.com\/profile.php?id=100063602347291&amp;mibextid=LQQJ4d&amp;rdid=pPArXq45AKTQvTYC\" \/>\n<meta property=\"article:modified_time\" content=\"2024-12-02T17:29:31+00:00\" \/>\n<meta property=\"og:image\" content=\"http:\/\/www.gestemconsulting.es\/wp-content\/uploads\/2024\/11\/Video-corp-2-1024x577.jpg\" \/>\n<meta name=\"twitter:card\" content=\"summary_large_image\" \/>\n<meta name=\"twitter:label1\" content=\"Tiempo de lectura\" \/>\n\t<meta name=\"twitter:data1\" content=\"1 minuto\" \/>\n<script type=\"application\/ld+json\" class=\"yoast-schema-graph\">{\"@context\":\"https:\/\/schema.org\",\"@graph\":[{\"@type\":\"WebPage\",\"@id\":\"https:\/\/www.gestemconsulting.es\/index.php\/para-quien\/\",\"url\":\"https:\/\/www.gestemconsulting.es\/index.php\/para-quien\/\",\"name\":\"Para Qui\u00e9n son nuestros Servicios | GESTEM CONSULTING\",\"isPartOf\":{\"@id\":\"https:\/\/www.gestemconsulting.es\/#website\"},\"primaryImageOfPage\":{\"@id\":\"https:\/\/www.gestemconsulting.es\/index.php\/para-quien\/#primaryimage\"},\"image\":{\"@id\":\"https:\/\/www.gestemconsulting.es\/index.php\/para-quien\/#primaryimage\"},\"thumbnailUrl\":\"http:\/\/www.gestemconsulting.es\/wp-content\/uploads\/2024\/11\/Video-corp-2-1024x577.jpg\",\"datePublished\":\"2024-11-07T22:00:13+00:00\",\"dateModified\":\"2024-12-02T17:29:31+00:00\",\"description\":\"Nuestros servicios est\u00e1n dise\u00f1ados para empresas que buscan soluciones personalizadas y eficientes en gesti\u00f3n administrativa, fiscal y laboral\",\"breadcrumb\":{\"@id\":\"https:\/\/www.gestemconsulting.es\/index.php\/para-quien\/#breadcrumb\"},\"inLanguage\":\"es\",\"potentialAction\":[{\"@type\":\"ReadAction\",\"target\":[\"https:\/\/www.gestemconsulting.es\/index.php\/para-quien\/\"]}]},{\"@type\":\"ImageObject\",\"inLanguage\":\"es\",\"@id\":\"https:\/\/www.gestemconsulting.es\/index.php\/para-quien\/#primaryimage\",\"url\":\"http:\/\/www.gestemconsulting.es\/wp-content\/uploads\/2024\/11\/Video-corp-2-1024x577.jpg\",\"contentUrl\":\"http:\/\/www.gestemconsulting.es\/wp-content\/uploads\/2024\/11\/Video-corp-2-1024x577.jpg\"},{\"@type\":\"BreadcrumbList\",\"@id\":\"https:\/\/www.gestemconsulting.es\/index.php\/para-quien\/#breadcrumb\",\"itemListElement\":[{\"@type\":\"ListItem\",\"position\":1,\"name\":\"Portada\",\"item\":\"https:\/\/www.gestemconsulting.es\/\"},{\"@type\":\"ListItem\",\"position\":2,\"name\":\"\u00bfPara qui\u00e9n?\"}]},{\"@type\":\"WebSite\",\"@id\":\"https:\/\/www.gestemconsulting.es\/#website\",\"url\":\"https:\/\/www.gestemconsulting.es\/\",\"name\":\"Gestem Consulting\",\"description\":\"Asesor\u00eda fiscal, jur\u00eddico y laboral. Impulsamos tu empresa con tecnolog\u00eda, experiencia y cercan\u00eda.\",\"publisher\":{\"@id\":\"https:\/\/www.gestemconsulting.es\/#organization\"},\"alternateName\":\"Gestem Consulting\",\"potentialAction\":[{\"@type\":\"SearchAction\",\"target\":{\"@type\":\"EntryPoint\",\"urlTemplate\":\"https:\/\/www.gestemconsulting.es\/?s={search_term_string}\"},\"query-input\":{\"@type\":\"PropertyValueSpecification\",\"valueRequired\":true,\"valueName\":\"search_term_string\"}}],\"inLanguage\":\"es\"},{\"@type\":\"Organization\",\"@id\":\"https:\/\/www.gestemconsulting.es\/#organization\",\"name\":\"Gestem Consulting\",\"url\":\"https:\/\/www.gestemconsulting.es\/\",\"logo\":{\"@type\":\"ImageObject\",\"inLanguage\":\"es\",\"@id\":\"https:\/\/www.gestemconsulting.es\/#\/schema\/logo\/image\/\",\"url\":\"https:\/\/www.gestemconsulting.es\/wp-content\/uploads\/2024\/11\/icon.png\",\"contentUrl\":\"https:\/\/www.gestemconsulting.es\/wp-content\/uploads\/2024\/11\/icon.png\",\"width\":497,\"height\":502,\"caption\":\"Gestem Consulting\"},\"image\":{\"@id\":\"https:\/\/www.gestemconsulting.es\/#\/schema\/logo\/image\/\"},\"sameAs\":[\"https:\/\/www.facebook.com\/profile.php?id=100063602347291&mibextid=LQQJ4d&rdid=pPArXq45AKTQvTYC\",\"https:\/\/www.instagram.com\/gestemconsulting\",\"https:\/\/www.linkedin.com\/company\/gestem-consulting\/\"]}]}<\/script>\n<!-- \/ Yoast SEO plugin. -->","yoast_head_json":{"title":"Para Qui\u00e9n son nuestros Servicios | GESTEM CONSULTING","description":"Nuestros servicios est\u00e1n dise\u00f1ados para empresas que buscan soluciones personalizadas y eficientes en gesti\u00f3n administrativa, fiscal y laboral","robots":{"index":"index","follow":"follow","max-snippet":"max-snippet:-1","max-image-preview":"max-image-preview:large","max-video-preview":"max-video-preview:-1"},"canonical":"https:\/\/www.gestemconsulting.es\/index.php\/para-quien\/","og_locale":"es_ES","og_type":"article","og_title":"Para Qui\u00e9n son nuestros Servicios | GESTEM CONSULTING","og_description":"Nuestros servicios est\u00e1n dise\u00f1ados para empresas que buscan soluciones personalizadas y eficientes en gesti\u00f3n administrativa, fiscal y laboral","og_url":"https:\/\/www.gestemconsulting.es\/index.php\/para-quien\/","og_site_name":"Gestem Consulting","article_publisher":"https:\/\/www.facebook.com\/profile.php?id=100063602347291&mibextid=LQQJ4d&rdid=pPArXq45AKTQvTYC","article_modified_time":"2024-12-02T17:29:31+00:00","og_image":[{"url":"http:\/\/www.gestemconsulting.es\/wp-content\/uploads\/2024\/11\/Video-corp-2-1024x577.jpg","type":"","width":"","height":""}],"twitter_card":"summary_large_image","twitter_misc":{"Tiempo de lectura":"1 minuto"},"schema":{"@context":"https:\/\/schema.org","@graph":[{"@type":"WebPage","@id":"https:\/\/www.gestemconsulting.es\/index.php\/para-quien\/","url":"https:\/\/www.gestemconsulting.es\/index.php\/para-quien\/","name":"Para Qui\u00e9n son nuestros Servicios | GESTEM CONSULTING","isPartOf":{"@id":"https:\/\/www.gestemconsulting.es\/#website"},"primaryImageOfPage":{"@id":"https:\/\/www.gestemconsulting.es\/index.php\/para-quien\/#primaryimage"},"image":{"@id":"https:\/\/www.gestemconsulting.es\/index.php\/para-quien\/#primaryimage"},"thumbnailUrl":"http:\/\/www.gestemconsulting.es\/wp-content\/uploads\/2024\/11\/Video-corp-2-1024x577.jpg","datePublished":"2024-11-07T22:00:13+00:00","dateModified":"2024-12-02T17:29:31+00:00","description":"Nuestros servicios est\u00e1n dise\u00f1ados para empresas que buscan soluciones personalizadas y eficientes en gesti\u00f3n administrativa, fiscal y laboral","breadcrumb":{"@id":"https:\/\/www.gestemconsulting.es\/index.php\/para-quien\/#breadcrumb"},"inLanguage":"es","potentialAction":[{"@type":"ReadAction","target":["https:\/\/www.gestemconsulting.es\/index.php\/para-quien\/"]}]},{"@type":"ImageObject","inLanguage":"es","@id":"https:\/\/www.gestemconsulting.es\/index.php\/para-quien\/#primaryimage","url":"http:\/\/www.gestemconsulting.es\/wp-content\/uploads\/2024\/11\/Video-corp-2-1024x577.jpg","contentUrl":"http:\/\/www.gestemconsulting.es\/wp-content\/uploads\/2024\/11\/Video-corp-2-1024x577.jpg"},{"@type":"BreadcrumbList","@id":"https:\/\/www.gestemconsulting.es\/index.php\/para-quien\/#breadcrumb","itemListElement":[{"@type":"ListItem","position":1,"name":"Portada","item":"https:\/\/www.gestemconsulting.es\/"},{"@type":"ListItem","position":2,"name":"\u00bfPara qui\u00e9n?"}]},{"@type":"WebSite","@id":"https:\/\/www.gestemconsulting.es\/#website","url":"https:\/\/www.gestemconsulting.es\/","name":"Gestem Consulting","description":"Asesor\u00eda fiscal, jur\u00eddico y laboral. Impulsamos tu empresa con tecnolog\u00eda, experiencia y cercan\u00eda.","publisher":{"@id":"https:\/\/www.gestemconsulting.es\/#organization"},"alternateName":"Gestem Consulting","potentialAction":[{"@type":"SearchAction","target":{"@type":"EntryPoint","urlTemplate":"https:\/\/www.gestemconsulting.es\/?s={search_term_string}"},"query-input":{"@type":"PropertyValueSpecification","valueRequired":true,"valueName":"search_term_string"}}],"inLanguage":"es"},{"@type":"Organization","@id":"https:\/\/www.gestemconsulting.es\/#organization","name":"Gestem Consulting","url":"https:\/\/www.gestemconsulting.es\/","logo":{"@type":"ImageObject","inLanguage":"es","@id":"https:\/\/www.gestemconsulting.es\/#\/schema\/logo\/image\/","url":"https:\/\/www.gestemconsulting.es\/wp-content\/uploads\/2024\/11\/icon.png","contentUrl":"https:\/\/www.gestemconsulting.es\/wp-content\/uploads\/2024\/11\/icon.png","width":497,"height":502,"caption":"Gestem Consulting"},"image":{"@id":"https:\/\/www.gestemconsulting.es\/#\/schema\/logo\/image\/"},"sameAs":["https:\/\/www.facebook.com\/profile.php?id=100063602347291&mibextid=LQQJ4d&rdid=pPArXq45AKTQvTYC","https:\/\/www.instagram.com\/gestemconsulting","https:\/\/www.linkedin.com\/company\/gestem-consulting\/"]}]}},"_links":{"self":[{"href":"https:\/\/www.gestemconsulting.es\/index.php\/wp-json\/wp\/v2\/pages\/7090","targetHints":{"allow":["GET"]}}],"collection":[{"href":"https:\/\/www.gestemconsulting.es\/index.php\/wp-json\/wp\/v2\/pages"}],"about":[{"href":"https:\/\/www.gestemconsulting.es\/index.php\/wp-json\/wp\/v2\/types\/page"}],"author":[{"embeddable":true,"href":"https:\/\/www.gestemconsulting.es\/index.php\/wp-json\/wp\/v2\/users\/1"}],"replies":[{"embeddable":true,"href":"https:\/\/www.gestemconsulting.es\/index.php\/wp-json\/wp\/v2\/comments?post=7090"}],"version-history":[{"count":13,"href":"https:\/\/www.gestemconsulting.es\/index.php\/wp-json\/wp\/v2\/pages\/7090\/revisions"}],"predecessor-version":[{"id":7658,"href":"https:\/\/www.gestemconsulting.es\/index.php\/wp-json\/wp\/v2\/pages\/7090\/revisions\/7658"}],"wp:attachment":[{"href":"https:\/\/www.gestemconsulting.es\/index.php\/wp-json\/wp\/v2\/media?parent=7090"}],"curies":[{"name":"wp","href":"https:\/\/api.w.org\/{rel}","templated":true}]}}